{"id":1228,"date":"2023-11-10T22:06:01","date_gmt":"2023-11-10T19:06:01","guid":{"rendered":"https:\/\/usdumanplus.com\/?post_type=product&#038;p=1228"},"modified":"2023-11-11T00:36:37","modified_gmt":"2023-11-10T21:36:37","slug":"pilli-turkce-sesli-carp-don-taksi","status":"publish","type":"product","link":"https:\/\/usdumanplus.com\/index.php\/product\/pilli-turkce-sesli-carp-don-taksi\/","title":{"rendered":"SESL\u0130 \u00c7ARP D\u00d6N TAKS\u0130<br><br>"},"content":{"rendered":"","protected":false},"excerpt":{"rendered":"<ul class=\"list-unstyled\">\n<li><span class=\"text-decor\">\u00dcr\u00fcn Kodu:<\/span>\u00a0DMN2024T<\/li>\n<li><span class=\"text-decor\">Stok Durumu:<\/span>\u00a0Stokta var<\/li>\n<li><span class=\"text-decor\">Koli Miktar\u0131:<\/span>\u00a060<\/li>\n<\/ul>\n","protected":false},"featured_media":1229,"comment_status":"open","ping_status":"closed","template":"","meta":{"_regular_price":[],"currency_symbol":[]},"product_cat":[61],"product_tag":[],"post_slider_layout_featured_media_urls":{"thumbnail":["https:\/\/usdumanplus.com\/wp-content\/uploads\/2023\/11\/DMN2024T-800x900-1-150x150.jpg",150,150,true],"post_slider_layout_landscape_large":["https:\/\/usdumanplus.com\/wp-content\/uploads\/2023\/11\/DMN2024T-800x900-1-800x800.jpg",800,800,true],"post_slider_layout_portrait_large":["https:\/\/usdumanplus.com\/wp-content\/uploads\/2023\/11\/DMN2024T-800x900-1.jpg",800,900,false],"post_slider_layout_square_large":["https:\/\/usdumanplus.com\/wp-content\/uploads\/2023\/11\/DMN2024T-800x900-1.jpg",800,900,false],"post_slider_layout_landscape":["https:\/\/usdumanplus.com\/wp-content\/uploads\/2023\/11\/DMN2024T-800x900-1-600x400.jpg",600,400,true],"post_slider_layout_portrait":["https:\/\/usdumanplus.com\/wp-content\/uploads\/2023\/11\/DMN2024T-800x900-1-600x900.jpg",600,900,true],"post_slider_layout_square":["https:\/\/usdumanplus.com\/wp-content\/uploads\/2023\/11\/DMN2024T-800x900-1-600x600.jpg",600,600,true],"full":["https:\/\/usdumanplus.com\/wp-content\/uploads\/2023\/11\/DMN2024T-800x900-1.jpg",800,900,false]},"_links":{"self":[{"href":"https:\/\/usdumanplus.com\/index.php\/wp-json\/wp\/v2\/product\/1228"}],"collection":[{"href":"https:\/\/usdumanplus.com\/index.php\/wp-json\/wp\/v2\/product"}],"about":[{"href":"https:\/\/usdumanplus.com\/index.php\/wp-json\/wp\/v2\/types\/product"}],"replies":[{"embeddable":true,"href":"https:\/\/usdumanplus.com\/index.php\/wp-json\/wp\/v2\/comments?post=1228"}],"wp:featuredmedia":[{"embeddable":true,"href":"https:\/\/usdumanplus.com\/index.php\/wp-json\/wp\/v2\/media\/1229"}],"wp:attachment":[{"href":"https:\/\/usdumanplus.com\/index.php\/wp-json\/wp\/v2\/media?parent=1228"}],"wp:term":[{"taxonomy":"product_cat","embeddable":true,"href":"https:\/\/usdumanplus.com\/index.php\/wp-json\/wp\/v2\/product_cat?post=1228"},{"taxonomy":"product_tag","embeddable":true,"href":"https:\/\/usdumanplus.com\/index.php\/wp-json\/wp\/v2\/product_tag?post=1228"}],"curies":[{"name":"wp","href":"https:\/\/api.w.org\/{rel}","templated":true}]}}