{"id":1184,"date":"2023-11-10T21:31:42","date_gmt":"2023-11-10T18:31:42","guid":{"rendered":"https:\/\/usdumanplus.com\/?page_id=1184"},"modified":"2023-11-10T23:08:21","modified_gmt":"2023-11-10T20:08:21","slug":"hakkimizda","status":"publish","type":"page","link":"https:\/\/usdumanplus.com\/index.php\/hakkimizda\/","title":{"rendered":"Hakk\u0131m\u0131zda"},"content":{"rendered":"\t\t<div data-elementor-type=\"wp-page\" data-elementor-id=\"1184\" class=\"elementor elementor-1184\">\n\t\t\t\t\t\t\t<div class=\"elementor-element elementor-element-014a204 e-flex e-con-boxed e-con e-parent\" data-id=\"014a204\" data-element_type=\"container\" data-settings=\"{&quot;content_width&quot;:&quot;boxed&quot;}\" data-core-v316-plus=\"true\">\n\t\t\t\t\t<div class=\"e-con-inner\">\n\t\t\t\t<div class=\"elementor-element elementor-element-b2d1593 elementor-widget elementor-widget-heading\" data-id=\"b2d1593\" data-element_type=\"widget\" data-widget_type=\"heading.default\">\n\t\t\t\t<div class=\"elementor-widget-container\">\n\t\t\t<style>\/*! elementor - v3.17.0 - 08-11-2023 *\/\n.elementor-heading-title{padding:0;margin:0;line-height:1}.elementor-widget-heading .elementor-heading-title[class*=elementor-size-]>a{color:inherit;font-size:inherit;line-height:inherit}.elementor-widget-heading .elementor-heading-title.elementor-size-small{font-size:15px}.elementor-widget-heading .elementor-heading-title.elementor-size-medium{font-size:19px}.elementor-widget-heading .elementor-heading-title.elementor-size-large{font-size:29px}.elementor-widget-heading .elementor-heading-title.elementor-size-xl{font-size:39px}.elementor-widget-heading .elementor-heading-title.elementor-size-xxl{font-size:59px}<\/style><h2 class=\"elementor-heading-title elementor-size-default\">HAKKIMIZDA<\/h2>\t\t<\/div>\n\t\t\t\t<\/div>\n\t\t\t\t\t<\/div>\n\t\t\t\t<\/div>\n\t\t<div class=\"elementor-element elementor-element-0648ff6 e-flex e-con-boxed e-con e-parent\" data-id=\"0648ff6\" data-element_type=\"container\" data-settings=\"{&quot;content_width&quot;:&quot;boxed&quot;}\" data-core-v316-plus=\"true\">\n\t\t\t\t\t<div class=\"e-con-inner\">\n\t\t\t\t<div class=\"elementor-element elementor-element-f2d81e8 elementor-widget elementor-widget-heading\" data-id=\"f2d81e8\" data-element_type=\"widget\" data-widget_type=\"heading.default\">\n\t\t\t\t<div class=\"elementor-widget-container\">\n\t\t\t<h2 class=\"elementor-heading-title elementor-size-default\">1985 y\u0131l\u0131nda toptan ve perakende oyuncak i\u015fi ile faaliyete ge\u00e7en firmam\u0131z, 1999 y\u0131l\u0131nda oyuncak ithalat\u0131na  \nba\u015flayarak , sekt\u00f6r\u00fcn\u00fcn en se\u00e7kin ve geni\u015f \u00fcr\u00fcn yelpazesini en uygun fiyat ve vade se\u00e7enekleri ve geni\u015f hizmet a\u011f\u0131yla t\u00fcm T\u00fcrkiye'ye ula\u015ft\u0131rmaktad\u0131r.\n\n2000 y\u0131l\u0131ndan itibaren toptan hediyelik ve toptan oyuncak sat\u0131\u015f\u0131n\u0131 ay\u0131rarak sekt\u00f6rel profesyonelle\u015fme yolunda \u00f6nemli bir ad\u0131m atan firmam\u0131z 2002 y\u0131l\u0131nda m\u00fc\u015fterilerine daha iyi hizmet verebilmek ve mevcut ihtiya\u00e7lar\u0131 kar\u015f\u0131layabilmek i\u00e7in 2000 m2 kapal\u0131 alana sahip Kemeralt\u0131'nda yeni ma\u011fazas\u0131na ta\u015f\u0131nm\u0131\u015ft\u0131r.2021 y\u0131l\u0131ndan itibaren 5000 m2 kapal\u0131 alana sahip otoparkl\u0131 I\u015f\u0131kkent \u015fubemiz a\u00e7\u0131lm\u0131\u015ft\u0131r.\n\nKurulu\u015fumuzun 35. y\u0131l\u0131nda siz de\u011ferli m\u00fc\u015fterilerimizin katk\u0131lar\u0131yla ve d\u00fcr\u00fcst ticaret anlay\u0131\u015f\u0131m\u0131zla yolumuza devam etmekteyiz. \u015eimdiye kadar ge\u00e7en zaman zarf\u0131nda oyuncak piyasas\u0131nda ad\u0131 ge\u00e7en bilinen veya bilinmeyen bir\u00e7ok marka ve modeli b\u00fcnyemizde bulundurup m\u00fc\u015fterilerimize iyi hizmet verebilmi\u015f olmaktan onur duyuyoruz.\n\nT\u00fcrkiye genelindeki b\u00fct\u00fcn oyuncak toptanc\u0131lar\u0131na yurtd\u0131\u015f\u0131ndan getirdi\u011fimiz \u00fcr\u00fcnlerin tedari\u011fini ger\u00e7ekle\u015ftiriyoruz..\n\n2018 y\u0131l\u0131nda kurdu\u011fumuz oyuncak fabrikas\u0131 ile ba\u015fl\u0131ca uzaktan kumandal\u0131 araba,pelu\u015f ve bir\u00e7ok \u00fcr\u00fcn imalat\u0131na ba\u015flam\u0131\u015f bulunmaktay\u0131z.\n\n\u00d6n\u00fcm\u00fczdeki y\u0131llarda sizlere daha iyi hizmet sunabilmek i\u00e7in \u00f6neri istek ve \u015fikayetlerinizi bekliyoruz. Hep birlikte hay\u0131rl\u0131 ve kazan\u00e7l\u0131 senelerde bulu\u015fmak dile\u011fiyle...<\/h2>\t\t<\/div>\n\t\t\t\t<\/div>\n\t\t\t\t\t<\/div>\n\t\t\t\t<\/div>\n\t\t\t\t\t\t\t<\/div>\n\t\t","protected":false},"excerpt":{"rendered":"<p>HAKKIMIZDA 1985 y\u0131l\u0131nda toptan ve perakende oyuncak i\u015fi ile faaliyete ge\u00e7en firmam\u0131z, 1999 y\u0131l\u0131nda oyuncak ithalat\u0131na ba\u015flayarak , sekt\u00f6r\u00fcn\u00fcn en se\u00e7kin ve geni\u015f \u00fcr\u00fcn yelpazesini en uygun fiyat ve vade se\u00e7enekleri ve geni\u015f hizmet a\u011f\u0131yla t\u00fcm T\u00fcrkiye&#8217;ye ula\u015ft\u0131rmaktad\u0131r. 2000 y\u0131l\u0131ndan itibaren toptan hediyelik ve toptan oyuncak sat\u0131\u015f\u0131n\u0131 ay\u0131rarak sekt\u00f6rel profesyonelle\u015fme yolunda \u00f6nemli bir ad\u0131m atan [&hellip;]<\/p>\n","protected":false},"author":1,"featured_media":0,"parent":0,"menu_order":0,"comment_status":"closed","ping_status":"closed","template":"elementor_header_footer","meta":{"_regular_price":[],"currency_symbol":[],"footnotes":""},"post_slider_layout_featured_media_urls":{"thumbnail":"","post_slider_layout_landscape_large":"","post_slider_layout_portrait_large":"","post_slider_layout_square_large":"","post_slider_layout_landscape":"","post_slider_layout_portrait":"","post_slider_layout_square":"","full":""},"_links":{"self":[{"href":"https:\/\/usdumanplus.com\/index.php\/wp-json\/wp\/v2\/pages\/1184"}],"collection":[{"href":"https:\/\/usdumanplus.com\/index.php\/wp-json\/wp\/v2\/pages"}],"about":[{"href":"https:\/\/usdumanplus.com\/index.php\/wp-json\/wp\/v2\/types\/page"}],"author":[{"embeddable":true,"href":"https:\/\/usdumanplus.com\/index.php\/wp-json\/wp\/v2\/users\/1"}],"replies":[{"embeddable":true,"href":"https:\/\/usdumanplus.com\/index.php\/wp-json\/wp\/v2\/comments?post=1184"}],"version-history":[{"count":19,"href":"https:\/\/usdumanplus.com\/index.php\/wp-json\/wp\/v2\/pages\/1184\/revisions"}],"predecessor-version":[{"id":1260,"href":"https:\/\/usdumanplus.com\/index.php\/wp-json\/wp\/v2\/pages\/1184\/revisions\/1260"}],"wp:attachment":[{"href":"https:\/\/usdumanplus.com\/index.php\/wp-json\/wp\/v2\/media?parent=1184"}],"curies":[{"name":"wp","href":"https:\/\/api.w.org\/{rel}","templated":true}]}}